{"id":28,"date":"2022-04-05T01:49:57","date_gmt":"2022-04-05T01:49:57","guid":{"rendered":"https:\/\/www.cofeonline.com.br\/site\/?page_id=28"},"modified":"2022-05-20T11:35:16","modified_gmt":"2022-05-20T11:35:16","slug":"institucional","status":"publish","type":"page","link":"https:\/\/www.cofeonline.com.br\/site\/institucional\/","title":{"rendered":"Institucional"},"content":{"rendered":"\t\t<div data-elementor-type=\"wp-page\" data-elementor-id=\"28\" class=\"elementor elementor-28\">\n\t\t\t\t\t\t<section class=\"elementor-section elementor-top-section elementor-element elementor-element-6575cca elementor-section-boxed elementor-section-height-default elementor-section-height-default\" data-id=\"6575cca\" data-element_type=\"section\">\n\t\t\t\t\t\t<div class=\"elementor-container elementor-column-gap-default\">\n\t\t\t\t\t<div class=\"elementor-column elementor-col-100 elementor-top-column elementor-element elementor-element-918cb6d\" data-id=\"918cb6d\" data-element_type=\"column\">\n\t\t\t<div class=\"elementor-widget-wrap elementor-element-populated\">\n\t\t\t\t\t\t<div class=\"elementor-element elementor-element-14108fd elementor-widget elementor-widget-heading\" data-id=\"14108fd\" data-element_type=\"widget\" data-widget_type=\"heading.default\">\n\t\t\t\t\t<h2 class=\"elementor-heading-title elementor-size-default\">Institucional<\/h2>\t\t\t\t<\/div>\n\t\t\t\t\t<\/div>\n\t\t<\/div>\n\t\t\t\t\t<\/div>\n\t\t<\/section>\n\t\t\t\t<section class=\"elementor-section elementor-top-section elementor-element elementor-element-653e846 elementor-section-boxed elementor-section-height-default elementor-section-height-default\" data-id=\"653e846\" data-element_type=\"section\">\n\t\t\t\t\t\t<div class=\"elementor-container elementor-column-gap-default\">\n\t\t\t\t\t<div class=\"elementor-column elementor-col-100 elementor-top-column elementor-element elementor-element-72829da\" data-id=\"72829da\" data-element_type=\"column\">\n\t\t\t<div class=\"elementor-widget-wrap elementor-element-populated\">\n\t\t\t\t\t\t<div class=\"elementor-element elementor-element-ec4b1ce elementor-widget elementor-widget-heading\" data-id=\"ec4b1ce\" data-element_type=\"widget\" data-widget_type=\"heading.default\">\n\t\t\t\t\t<h2 class=\"elementor-heading-title elementor-size-default\">O COFE nasceu em 2009, fruto de um trabalho onde conseguimos uma integra\u00e7\u00e3o entre a otorrinolaringologia e a fonoaudiologia tornando o atendimento ao paciente um ato \u00fanico e continuo, al\u00e9m de possibilitar o estudo de cada caso nas suas peculiaridades aumentando as chances de sucesso diagn\u00f3stico e terapeutico em ambas as \u00e1reas.<\/h2>\t\t\t\t<\/div>\n\t\t\t\t<div class=\"elementor-element elementor-element-fba9719 elementor-widget elementor-widget-heading\" data-id=\"fba9719\" data-element_type=\"widget\" data-widget_type=\"heading.default\">\n\t\t\t\t\t<h2 class=\"elementor-heading-title elementor-size-default\">A ideia de um Centro de Otorrinolaringologia e Fonoaudiologia Especializado, vem buscar a excelencia nessas \u00e1reas dentro da Grande Vit\u00f3ria. Trazendo equipamentos de alta tecnologia e profissionais de grande capacidade t\u00e9cnica e cientifica, al\u00e9m do interc\u00e2mbio de diagn\u00f3sticos com os grandes centros nacionais e internacionais dessas \u00e1reas.<\/h2>\t\t\t\t<\/div>\n\t\t\t\t<div class=\"elementor-element elementor-element-7498d6b elementor-widget elementor-widget-heading\" data-id=\"7498d6b\" data-element_type=\"widget\" data-widget_type=\"heading.default\">\n\t\t\t\t\t<h2 class=\"elementor-heading-title elementor-size-default\">No COFE, buscamos sempre o bem estar f\u00edsico e social de nossos pacientes, cuidando essencialmente das partes principais da comunica\u00e7\u00e3o: o ouvir e o falar. Sua intera\u00e7\u00e3o com o meio em que vive. O prazer dos aromas e dos sabores, t\u00e3o importante na vida di\u00e1ria. O respirar bem que faz parte da qualidade de vida do individuo, bem como sua performace f\u00edsica e do sono.<\/h2>\t\t\t\t<\/div>\n\t\t\t\t<div class=\"elementor-element elementor-element-96279be elementor-widget elementor-widget-heading\" data-id=\"96279be\" data-element_type=\"widget\" data-widget_type=\"heading.default\">\n\t\t\t\t\t<h2 class=\"elementor-heading-title elementor-size-default\">Para n\u00f3s do COFE, a otorrinolaringologia e a fonoaudiologia se completam como um processo chave-fechadura sendo o paciente o maior beneficiado dessa perfeita integra\u00e7\u00e3o.<\/h2>\t\t\t\t<\/div>\n\t\t\t\t<div class=\"elementor-element elementor-element-a566f89 elementor-widget elementor-widget-heading\" data-id=\"a566f89\" data-element_type=\"widget\" data-widget_type=\"heading.default\">\n\t\t\t\t\t<h2 class=\"elementor-heading-title elementor-size-default\">Conhe\u00e7a um pouco da nossa estrutura:<\/h2>\t\t\t\t<\/div>\n\t\t\t\t\t<\/div>\n\t\t<\/div>\n\t\t\t\t\t<\/div>\n\t\t<\/section>\n\t\t\t\t<section class=\"elementor-section elementor-top-section elementor-element elementor-element-a0a0cf8 elementor-section-boxed elementor-section-height-default elementor-section-height-default\" data-id=\"a0a0cf8\" data-element_type=\"section\">\n\t\t\t\t\t\t<div class=\"elementor-container elementor-column-gap-default\">\n\t\t\t\t\t<div class=\"elementor-column elementor-col-100 elementor-top-column elementor-element elementor-element-4a37cec\" data-id=\"4a37cec\" data-element_type=\"column\">\n\t\t\t<div class=\"elementor-widget-wrap elementor-element-populated\">\n\t\t\t\t\t\t<div class=\"elementor-element elementor-element-068d97c gallery-spacing-custom elementor-widget elementor-widget-image-gallery\" data-id=\"068d97c\" data-element_type=\"widget\" data-widget_type=\"image-gallery.default\">\n\t\t\t\t\t\t\t<div class=\"elementor-image-gallery\">\n\t\t\t<div id='gallery-1' class='gallery galleryid-28 gallery-columns-5 gallery-size-thumbnail'><figure class='gallery-item'>\n\t\t\t<div class='gallery-icon landscape'>\n\t\t\t\t<a data-elementor-open-lightbox=\"yes\" data-elementor-lightbox-slideshow=\"068d97c\" data-elementor-lightbox-title=\"inst1\" data-e-action-hash=\"#elementor-action%3Aaction%3Dlightbox%26settings%3DeyJpZCI6MzAyLCJ1cmwiOiJodHRwczpcL1wvd3d3LmNvZmVvbmxpbmUuY29tLmJyXC9zaXRlXC93cC1jb250ZW50XC91cGxvYWRzXC8yMDIyXC8wNVwvaW5zdDEtc2NhbGVkLmpwZyIsInNsaWRlc2hvdyI6IjA2OGQ5N2MifQ%3D%3D\" href='https:\/\/www.cofeonline.com.br\/site\/wp-content\/uploads\/2022\/05\/inst1-scaled.jpg'><img decoding=\"async\" width=\"150\" height=\"150\" src=\"https:\/\/www.cofeonline.com.br\/site\/wp-content\/uploads\/2022\/05\/inst1-150x150.jpg\" class=\"attachment-thumbnail size-thumbnail\" alt=\"\" \/><\/a>\n\t\t\t<\/div><\/figure><figure class='gallery-item'>\n\t\t\t<div class='gallery-icon landscape'>\n\t\t\t\t<a data-elementor-open-lightbox=\"yes\" data-elementor-lightbox-slideshow=\"068d97c\" data-elementor-lightbox-title=\"inst2\" data-e-action-hash=\"#elementor-action%3Aaction%3Dlightbox%26settings%3DeyJpZCI6MzAzLCJ1cmwiOiJodHRwczpcL1wvd3d3LmNvZmVvbmxpbmUuY29tLmJyXC9zaXRlXC93cC1jb250ZW50XC91cGxvYWRzXC8yMDIyXC8wNVwvaW5zdDIuanBnIiwic2xpZGVzaG93IjoiMDY4ZDk3YyJ9\" href='https:\/\/www.cofeonline.com.br\/site\/wp-content\/uploads\/2022\/05\/inst2.jpg'><img decoding=\"async\" width=\"150\" height=\"150\" src=\"https:\/\/www.cofeonline.com.br\/site\/wp-content\/uploads\/2022\/05\/inst2-150x150.jpg\" class=\"attachment-thumbnail size-thumbnail\" alt=\"\" \/><\/a>\n\t\t\t<\/div><\/figure><figure class='gallery-item'>\n\t\t\t<div class='gallery-icon landscape'>\n\t\t\t\t<a data-elementor-open-lightbox=\"yes\" data-elementor-lightbox-slideshow=\"068d97c\" data-elementor-lightbox-title=\"inst3\" data-e-action-hash=\"#elementor-action%3Aaction%3Dlightbox%26settings%3DeyJpZCI6MzA0LCJ1cmwiOiJodHRwczpcL1wvd3d3LmNvZmVvbmxpbmUuY29tLmJyXC9zaXRlXC93cC1jb250ZW50XC91cGxvYWRzXC8yMDIyXC8wNVwvaW5zdDMuanBnIiwic2xpZGVzaG93IjoiMDY4ZDk3YyJ9\" href='https:\/\/www.cofeonline.com.br\/site\/wp-content\/uploads\/2022\/05\/inst3.jpg'><img decoding=\"async\" width=\"150\" height=\"150\" src=\"https:\/\/www.cofeonline.com.br\/site\/wp-content\/uploads\/2022\/05\/inst3-150x150.jpg\" class=\"attachment-thumbnail size-thumbnail\" alt=\"\" \/><\/a>\n\t\t\t<\/div><\/figure><figure class='gallery-item'>\n\t\t\t<div class='gallery-icon landscape'>\n\t\t\t\t<a data-elementor-open-lightbox=\"yes\" data-elementor-lightbox-slideshow=\"068d97c\" data-elementor-lightbox-title=\"inst4\" data-e-action-hash=\"#elementor-action%3Aaction%3Dlightbox%26settings%3DeyJpZCI6MzA1LCJ1cmwiOiJodHRwczpcL1wvd3d3LmNvZmVvbmxpbmUuY29tLmJyXC9zaXRlXC93cC1jb250ZW50XC91cGxvYWRzXC8yMDIyXC8wNVwvaW5zdDQuanBnIiwic2xpZGVzaG93IjoiMDY4ZDk3YyJ9\" href='https:\/\/www.cofeonline.com.br\/site\/wp-content\/uploads\/2022\/05\/inst4.jpg'><img loading=\"lazy\" decoding=\"async\" width=\"150\" height=\"150\" src=\"https:\/\/www.cofeonline.com.br\/site\/wp-content\/uploads\/2022\/05\/inst4-150x150.jpg\" class=\"attachment-thumbnail size-thumbnail\" alt=\"\" \/><\/a>\n\t\t\t<\/div><\/figure><figure class='gallery-item'>\n\t\t\t<div class='gallery-icon landscape'>\n\t\t\t\t<a data-elementor-open-lightbox=\"yes\" data-elementor-lightbox-slideshow=\"068d97c\" data-elementor-lightbox-title=\"inst5\" data-e-action-hash=\"#elementor-action%3Aaction%3Dlightbox%26settings%3DeyJpZCI6MzA2LCJ1cmwiOiJodHRwczpcL1wvd3d3LmNvZmVvbmxpbmUuY29tLmJyXC9zaXRlXC93cC1jb250ZW50XC91cGxvYWRzXC8yMDIyXC8wNVwvaW5zdDUuanBnIiwic2xpZGVzaG93IjoiMDY4ZDk3YyJ9\" href='https:\/\/www.cofeonline.com.br\/site\/wp-content\/uploads\/2022\/05\/inst5.jpg'><img loading=\"lazy\" decoding=\"async\" width=\"150\" height=\"150\" src=\"https:\/\/www.cofeonline.com.br\/site\/wp-content\/uploads\/2022\/05\/inst5-150x150.jpg\" class=\"attachment-thumbnail size-thumbnail\" alt=\"\" \/><\/a>\n\t\t\t<\/div><\/figure><figure class='gallery-item'>\n\t\t\t<div class='gallery-icon portrait'>\n\t\t\t\t<a data-elementor-open-lightbox=\"yes\" data-elementor-lightbox-slideshow=\"068d97c\" data-elementor-lightbox-title=\"inst6\" data-e-action-hash=\"#elementor-action%3Aaction%3Dlightbox%26settings%3DeyJpZCI6MzA3LCJ1cmwiOiJodHRwczpcL1wvd3d3LmNvZmVvbmxpbmUuY29tLmJyXC9zaXRlXC93cC1jb250ZW50XC91cGxvYWRzXC8yMDIyXC8wNVwvaW5zdDYuanBnIiwic2xpZGVzaG93IjoiMDY4ZDk3YyJ9\" href='https:\/\/www.cofeonline.com.br\/site\/wp-content\/uploads\/2022\/05\/inst6.jpg'><img loading=\"lazy\" decoding=\"async\" width=\"150\" height=\"150\" src=\"https:\/\/www.cofeonline.com.br\/site\/wp-content\/uploads\/2022\/05\/inst6-150x150.jpg\" class=\"attachment-thumbnail size-thumbnail\" alt=\"\" \/><\/a>\n\t\t\t<\/div><\/figure><figure class='gallery-item'>\n\t\t\t<div class='gallery-icon portrait'>\n\t\t\t\t<a data-elementor-open-lightbox=\"yes\" data-elementor-lightbox-slideshow=\"068d97c\" data-elementor-lightbox-title=\"inst7\" data-e-action-hash=\"#elementor-action%3Aaction%3Dlightbox%26settings%3DeyJpZCI6MzA4LCJ1cmwiOiJodHRwczpcL1wvd3d3LmNvZmVvbmxpbmUuY29tLmJyXC9zaXRlXC93cC1jb250ZW50XC91cGxvYWRzXC8yMDIyXC8wNVwvaW5zdDcuanBnIiwic2xpZGVzaG93IjoiMDY4ZDk3YyJ9\" href='https:\/\/www.cofeonline.com.br\/site\/wp-content\/uploads\/2022\/05\/inst7.jpg'><img loading=\"lazy\" decoding=\"async\" width=\"150\" height=\"150\" src=\"https:\/\/www.cofeonline.com.br\/site\/wp-content\/uploads\/2022\/05\/inst7-150x150.jpg\" class=\"attachment-thumbnail size-thumbnail\" alt=\"\" \/><\/a>\n\t\t\t<\/div><\/figure>\n\t\t<\/div>\n\t\t<\/div>\n\t\t\t\t\t\t<\/div>\n\t\t\t\t\t<\/div>\n\t\t<\/div>\n\t\t\t\t\t<\/div>\n\t\t<\/section>\n\t\t\t\t<\/div>\n\t\t","protected":false},"excerpt":{"rendered":"<p>Institucional O COFE nasceu em 2009, fruto de um trabalho onde conseguimos uma integra\u00e7\u00e3o entre a otorrinolaringologia e a fonoaudiologia tornando o atendimento ao paciente um ato \u00fanico e continuo, al\u00e9m de possibilitar o estudo de cada caso nas suas peculiaridades aumentando as chances de sucesso diagn\u00f3stico e terapeutico em ambas as \u00e1reas. A ideia [&hellip;]<\/p>\n","protected":false},"author":1,"featured_media":0,"parent":0,"menu_order":0,"comment_status":"closed","ping_status":"closed","template":"","meta":{"site-sidebar-layout":"no-sidebar","site-content-layout":"page-builder","ast-site-content-layout":"default","site-content-style":"default","site-sidebar-style":"default","ast-global-header-display":"","ast-banner-title-visibility":"","ast-main-header-display":"","ast-hfb-above-header-display":"","ast-hfb-below-header-display":"","ast-hfb-mobile-header-display":"","site-post-title":"disabled","ast-breadcrumbs-content":"","ast-featured-img":"disabled","footer-sml-layout":"","theme-transparent-header-meta":"","adv-header-id-meta":"","stick-header-meta":"","header-above-stick-meta":"","header-main-stick-meta":"","header-below-stick-meta":"","astra-migrate-meta-layouts":"default","ast-page-background-enabled":"default","ast-page-background-meta":{"desktop":{"background-color":"var(--ast-global-color-4)","background-image":"","background-repeat":"repeat","background-position":"center center","background-size":"auto","background-attachment":"scroll","background-type":"","background-media":"","overlay-type":"","overlay-color":"","overlay-opacity":"","overlay-gradient":""},"tablet":{"background-color":"","background-image":"","background-repeat":"repeat","background-position":"center center","background-size":"auto","background-attachment":"scroll","background-type":"","background-media":"","overlay-type":"","overlay-color":"","overlay-opacity":"","overlay-gradient":""},"mobile":{"background-color":"","background-image":"","background-repeat":"repeat","background-position":"center center","background-size":"auto","background-attachment":"scroll","background-type":"","background-media":"","overlay-type":"","overlay-color":"","overlay-opacity":"","overlay-gradient":""}},"ast-content-background-meta":{"desktop":{"background-color":"var(--ast-global-color-5)","background-image":"","background-repeat":"repeat","background-position":"center center","background-size":"auto","background-attachment":"scroll","background-type":"","background-media":"","overlay-type":"","overlay-color":"","overlay-opacity":"","overlay-gradient":""},"tablet":{"background-color":"var(--ast-global-color-5)","background-image":"","background-repeat":"repeat","background-position":"center center","background-size":"auto","background-attachment":"scroll","background-type":"","background-media":"","overlay-type":"","overlay-color":"","overlay-opacity":"","overlay-gradient":""},"mobile":{"background-color":"var(--ast-global-color-5)","background-image":"","background-repeat":"repeat","background-position":"center center","background-size":"auto","background-attachment":"scroll","background-type":"","background-media":"","overlay-type":"","overlay-color":"","overlay-opacity":"","overlay-gradient":""}},"footnotes":""},"class_list":["post-28","page","type-page","status-publish","hentry"],"_links":{"self":[{"href":"https:\/\/www.cofeonline.com.br\/site\/wp-json\/wp\/v2\/pages\/28","targetHints":{"allow":["GET"]}}],"collection":[{"href":"https:\/\/www.cofeonline.com.br\/site\/wp-json\/wp\/v2\/pages"}],"about":[{"href":"https:\/\/www.cofeonline.com.br\/site\/wp-json\/wp\/v2\/types\/page"}],"author":[{"embeddable":true,"href":"https:\/\/www.cofeonline.com.br\/site\/wp-json\/wp\/v2\/users\/1"}],"replies":[{"embeddable":true,"href":"https:\/\/www.cofeonline.com.br\/site\/wp-json\/wp\/v2\/comments?post=28"}],"version-history":[{"count":16,"href":"https:\/\/www.cofeonline.com.br\/site\/wp-json\/wp\/v2\/pages\/28\/revisions"}],"predecessor-version":[{"id":682,"href":"https:\/\/www.cofeonline.com.br\/site\/wp-json\/wp\/v2\/pages\/28\/revisions\/682"}],"wp:attachment":[{"href":"https:\/\/www.cofeonline.com.br\/site\/wp-json\/wp\/v2\/media?parent=28"}],"curies":[{"name":"wp","href":"https:\/\/api.w.org\/{rel}","templated":true}]}}