{"id":193,"date":"2022-05-04T11:48:38","date_gmt":"2022-05-04T11:48:38","guid":{"rendered":"https:\/\/www.cofeonline.com.br\/site\/?page_id=193"},"modified":"2022-05-06T20:05:39","modified_gmt":"2022-05-06T20:05:39","slug":"voz-profissional","status":"publish","type":"page","link":"https:\/\/www.cofeonline.com.br\/site\/voz-profissional\/","title":{"rendered":"Voz Profissional"},"content":{"rendered":"\t\t<div data-elementor-type=\"wp-page\" data-elementor-id=\"193\" class=\"elementor elementor-193\">\n\t\t\t\t\t\t<section class=\"elementor-section elementor-top-section elementor-element elementor-element-6c26158 elementor-section-boxed elementor-section-height-default elementor-section-height-default\" data-id=\"6c26158\" data-element_type=\"section\">\n\t\t\t\t\t\t<div class=\"elementor-container elementor-column-gap-default\">\n\t\t\t\t\t<div class=\"elementor-column elementor-col-50 elementor-top-column elementor-element elementor-element-070b811\" data-id=\"070b811\" data-element_type=\"column\">\n\t\t\t<div class=\"elementor-widget-wrap elementor-element-populated\">\n\t\t\t\t\t\t<div class=\"elementor-element elementor-element-af9bd21 elementor-widget elementor-widget-image\" data-id=\"af9bd21\" data-element_type=\"widget\" data-widget_type=\"image.default\">\n\t\t\t\t\t\t\t\t\t\t\t\t\t\t\t<img fetchpriority=\"high\" decoding=\"async\" width=\"390\" height=\"435\" src=\"https:\/\/www.cofeonline.com.br\/site\/wp-content\/uploads\/2022\/05\/ciclo_voz.png\" class=\"attachment-large size-large wp-image-195\" alt=\"\" srcset=\"https:\/\/www.cofeonline.com.br\/site\/wp-content\/uploads\/2022\/05\/ciclo_voz.png 390w, https:\/\/www.cofeonline.com.br\/site\/wp-content\/uploads\/2022\/05\/ciclo_voz-269x300.png 269w\" sizes=\"(max-width: 390px) 100vw, 390px\" \/>\t\t\t\t\t\t\t\t\t\t\t\t\t\t\t<\/div>\n\t\t\t\t\t<\/div>\n\t\t<\/div>\n\t\t\t\t<div class=\"elementor-column elementor-col-50 elementor-top-column elementor-element elementor-element-8fb611c\" data-id=\"8fb611c\" data-element_type=\"column\">\n\t\t\t<div class=\"elementor-widget-wrap elementor-element-populated\">\n\t\t\t\t\t\t<div class=\"elementor-element elementor-element-66ce932 elementor-widget elementor-widget-heading\" data-id=\"66ce932\" data-element_type=\"widget\" data-widget_type=\"heading.default\">\n\t\t\t\t\t<h2 class=\"elementor-heading-title elementor-size-default\">N\u00edveis da classifica\u00e7\u00e3o dos profissionais da voz<\/h2>\t\t\t\t<\/div>\n\t\t\t\t<div class=\"elementor-element elementor-element-396d761 elementor-widget elementor-widget-heading\" data-id=\"396d761\" data-element_type=\"widget\" data-widget_type=\"heading.default\">\n\t\t\t\t\t<h2 class=\"elementor-heading-title elementor-size-default\">(Koufman &amp; Isacson(1991))<\/h2>\t\t\t\t<\/div>\n\t\t\t\t<div class=\"elementor-element elementor-element-fb7d76a elementor-widget elementor-widget-heading\" data-id=\"fb7d76a\" data-element_type=\"widget\" data-widget_type=\"heading.default\">\n\t\t\t\t\t<h2 class=\"elementor-heading-title elementor-size-default\">Classifica\u00e7\u00e3o do uso da voz de acordo com a demanda e impacto de uma altera\u00e7\u00e3o vocal:<\/h2>\t\t\t\t<\/div>\n\t\t\t\t<div class=\"elementor-element elementor-element-2b7ec4f elementor-widget elementor-widget-heading\" data-id=\"2b7ec4f\" data-element_type=\"widget\" data-widget_type=\"heading.default\">\n\t\t\t\t\t<h2 class=\"elementor-heading-title elementor-size-default\"><b>N\u00edvel I - Elite Vocal:<\/b> Cantores e atores<\/h2>\t\t\t\t<\/div>\n\t\t\t\t<div class=\"elementor-element elementor-element-a383278 elementor-widget elementor-widget-heading\" data-id=\"a383278\" data-element_type=\"widget\" data-widget_type=\"heading.default\">\n\t\t\t\t\t<h2 class=\"elementor-heading-title elementor-size-default\"><b>N\u00edvel II - Usu\u00e1rio profissional da voz falada:<\/b> Advogados, locutores e professores. Altera\u00e7\u00e3o vocal de grau moderado.<\/h2>\t\t\t\t<\/div>\n\t\t\t\t<div class=\"elementor-element elementor-element-1d47b69 elementor-widget elementor-widget-heading\" data-id=\"1d47b69\" data-element_type=\"widget\" data-widget_type=\"heading.default\">\n\t\t\t\t\t<h2 class=\"elementor-heading-title elementor-size-default\"><b>N\u00edvel III - M\u00e9dicos, vendedores:<\/b> Compromete em grau severo.<\/h2>\t\t\t\t<\/div>\n\t\t\t\t<div class=\"elementor-element elementor-element-1e7a63f elementor-widget elementor-widget-heading\" data-id=\"1e7a63f\" data-element_type=\"widget\" data-widget_type=\"heading.default\">\n\t\t\t\t\t<h2 class=\"elementor-heading-title elementor-size-default\"><b>N\u00edvel IV - Escritur\u00e1rios, desenhistas, programadores:<\/b> O uso da voz n\u00e3o tr\u00e1s comprometimento vocal.<\/h2>\t\t\t\t<\/div>\n\t\t\t\t\t<\/div>\n\t\t<\/div>\n\t\t\t\t\t<\/div>\n\t\t<\/section>\n\t\t\t\t<\/div>\n\t\t","protected":false},"excerpt":{"rendered":"<p>N\u00edveis da classifica\u00e7\u00e3o dos profissionais da voz (Koufman &amp; Isacson(1991)) Classifica\u00e7\u00e3o do uso da voz de acordo com a demanda e impacto de uma altera\u00e7\u00e3o vocal: N\u00edvel I &#8211; Elite Vocal: Cantores e atores N\u00edvel II &#8211; Usu\u00e1rio profissional da voz falada: Advogados, locutores e professores. Altera\u00e7\u00e3o vocal de grau moderado. N\u00edvel III &#8211; M\u00e9dicos, [&hellip;]<\/p>\n","protected":false},"author":1,"featured_media":0,"parent":0,"menu_order":0,"comment_status":"closed","ping_status":"closed","template":"","meta":{"site-sidebar-layout":"no-sidebar","site-content-layout":"page-builder","ast-site-content-layout":"default","site-content-style":"default","site-sidebar-style":"default","ast-global-header-display":"","ast-banner-title-visibility":"","ast-main-header-display":"","ast-hfb-above-header-display":"","ast-hfb-below-header-display":"","ast-hfb-mobile-header-display":"","site-post-title":"disabled","ast-breadcrumbs-content":"","ast-featured-img":"disabled","footer-sml-layout":"","theme-transparent-header-meta":"","adv-header-id-meta":"","stick-header-meta":"","header-above-stick-meta":"","header-main-stick-meta":"","header-below-stick-meta":"","astra-migrate-meta-layouts":"default","ast-page-background-enabled":"default","ast-page-background-meta":{"desktop":{"background-color":"var(--ast-global-color-4)","background-image":"","background-repeat":"repeat","background-position":"center center","background-size":"auto","background-attachment":"scroll","background-type":"","background-media":"","overlay-type":"","overlay-color":"","overlay-opacity":"","overlay-gradient":""},"tablet":{"background-color":"","background-image":"","background-repeat":"repeat","background-position":"center center","background-size":"auto","background-attachment":"scroll","background-type":"","background-media":"","overlay-type":"","overlay-color":"","overlay-opacity":"","overlay-gradient":""},"mobile":{"background-color":"","background-image":"","background-repeat":"repeat","background-position":"center center","background-size":"auto","background-attachment":"scroll","background-type":"","background-media":"","overlay-type":"","overlay-color":"","overlay-opacity":"","overlay-gradient":""}},"ast-content-background-meta":{"desktop":{"background-color":"var(--ast-global-color-5)","background-image":"","background-repeat":"repeat","background-position":"center center","background-size":"auto","background-attachment":"scroll","background-type":"","background-media":"","overlay-type":"","overlay-color":"","overlay-opacity":"","overlay-gradient":""},"tablet":{"background-color":"var(--ast-global-color-5)","background-image":"","background-repeat":"repeat","background-position":"center center","background-size":"auto","background-attachment":"scroll","background-type":"","background-media":"","overlay-type":"","overlay-color":"","overlay-opacity":"","overlay-gradient":""},"mobile":{"background-color":"var(--ast-global-color-5)","background-image":"","background-repeat":"repeat","background-position":"center center","background-size":"auto","background-attachment":"scroll","background-type":"","background-media":"","overlay-type":"","overlay-color":"","overlay-opacity":"","overlay-gradient":""}},"footnotes":""},"class_list":["post-193","page","type-page","status-publish","hentry"],"_links":{"self":[{"href":"https:\/\/www.cofeonline.com.br\/site\/wp-json\/wp\/v2\/pages\/193","targetHints":{"allow":["GET"]}}],"collection":[{"href":"https:\/\/www.cofeonline.com.br\/site\/wp-json\/wp\/v2\/pages"}],"about":[{"href":"https:\/\/www.cofeonline.com.br\/site\/wp-json\/wp\/v2\/types\/page"}],"author":[{"embeddable":true,"href":"https:\/\/www.cofeonline.com.br\/site\/wp-json\/wp\/v2\/users\/1"}],"replies":[{"embeddable":true,"href":"https:\/\/www.cofeonline.com.br\/site\/wp-json\/wp\/v2\/comments?post=193"}],"version-history":[{"count":7,"href":"https:\/\/www.cofeonline.com.br\/site\/wp-json\/wp\/v2\/pages\/193\/revisions"}],"predecessor-version":[{"id":504,"href":"https:\/\/www.cofeonline.com.br\/site\/wp-json\/wp\/v2\/pages\/193\/revisions\/504"}],"wp:attachment":[{"href":"https:\/\/www.cofeonline.com.br\/site\/wp-json\/wp\/v2\/media?parent=193"}],"curies":[{"name":"wp","href":"https:\/\/api.w.org\/{rel}","templated":true}]}}